{"id":46,"date":"2019-03-09T17:41:55","date_gmt":"2019-03-09T17:41:55","guid":{"rendered":"http:\/\/muenzengilde-hamburg.de\/?page_id=46"},"modified":"2026-02-08T15:31:23","modified_gmt":"2026-02-08T15:31:23","slug":"ueber-uns","status":"publish","type":"page","link":"https:\/\/muenzengilde-hamburg.de\/?page_id=46","title":{"rendered":"\u00dcber uns"},"content":{"rendered":"\n<h2 class=\"wp-block-heading\">Wir stellen uns vor:<\/h2>\n\n\n\n<p>Die Hanseatische M\u00fcnzengilde e.V. ist eine Vereinigung aktiver M\u00fcnzfreunde. In unserem Kreis befinden sich Sammler mit ihren Sammelgebieten von der Antike bis zur Gegenwart. Wo finden sich schon 2500 Jahre Menschheitsgeschichte abgebiedet?<\/p>\n\n\n\n<p>Nur bei den M\u00fcnzsammlern ergibt sich die M\u00f6glichkeit sich mithilfe von Fachwissen und dem Austausch unter Gleich-gesinnten mit der Geschichte hautnah zu identifizieren.<\/p>\n\n\n\n<p>Die Mitglieder und Freunde der Hanseatischen M\u00fcnzengilde besch\u00e4ftigen sich mit M\u00fcnzen, Medaillen, Papiergeld und anderen Objekten der Geld- und Wirtschaftsgeschichte.<\/p>\n\n\n\n<p>Wir treffen uns zum M\u00fcnztausch und Fachvortrag jeden 1. Dienstag im Monat 16:00 bis 20:00 Uhr im<\/p>\n\n\n\n<p>Betriebssportverband Hamburg<\/p>\n\n\n\n<p>Wendenstra\u00dfe 120<\/p>\n\n\n\n<p>20537 Hamburg<\/p>\n\n\n\n<p class=\"has-text-align-left\">Mit \u00f6ffentlichen verkehrsmitteln zu erreichen \u00fcber:<\/p>\n\n\n\n<p><a href=\"http:\/\/www.hvv.de\" target=\"_blank\" rel=\"noreferrer noopener\" aria-label=\"U- \/ S-Bahn Berliner Tor, S-Bahn Hammerbrook, Buslinien 160 und 112 (\u00f6ffnet in neuem Tab)\">U- \/ S-Bahn Berliner Tor, S-Bahn Hammerbrook, Buslinien 160 und 112<\/a><\/p>\n\n\n\n<p>Unseren Mitgliedern bieten wir:<\/p>\n\n\n\n<p>Gelegenheit zum Erfahrungsaustausch und zu fachlicher Beratung<\/p>\n\n\n\n<ul class=\"wp-block-list\">\n<li>Hochinteressante Kurz-beitr\u00e4ge und Lichtbild-Vortr\u00e4ge zu diversen numismatischen und historischen Themen<\/li>\n\n\n\n<li>M\u00f6glichkeit von Tausch\u00a0oder Kauf zur Erweiterung der Sammlung<\/li>\n<\/ul>\n\n\n\n<p> Gespr\u00e4chskreise anhand ausgew\u00e4hlter Objekte<\/p>\n","protected":false},"excerpt":{"rendered":"<p>Wir stellen uns vor: Die Hanseatische M\u00fcnzengilde e.V. ist eine Vereinigung aktiver M\u00fcnzfreunde. In unserem Kreis befinden sich Sammler mit ihren Sammelgebieten von der Antike bis zur Gegenwart. Wo finden sich schon 2500 Jahre Menschheitsgeschichte abgebiedet? Nur bei den M\u00fcnzsammlern ergibt sich die M\u00f6glichkeit sich mithilfe von Fachwissen und dem Austausch unter Gleich-gesinnten mit der &hellip; <\/p>\n<p class=\"link-more\"><a href=\"https:\/\/muenzengilde-hamburg.de\/?page_id=46\" class=\"more-link\">Continue reading<span class=\"screen-reader-text\"> &#8222;\u00dcber uns&#8220;<\/span><\/a><\/p>\n","protected":false},"author":1,"featured_media":0,"parent":0,"menu_order":0,"comment_status":"closed","ping_status":"closed","template":"","meta":{"footnotes":""},"class_list":["post-46","page","type-page","status-publish","hentry"],"_links":{"self":[{"href":"https:\/\/muenzengilde-hamburg.de\/index.php?rest_route=\/wp\/v2\/pages\/46","targetHints":{"allow":["GET"]}}],"collection":[{"href":"https:\/\/muenzengilde-hamburg.de\/index.php?rest_route=\/wp\/v2\/pages"}],"about":[{"href":"https:\/\/muenzengilde-hamburg.de\/index.php?rest_route=\/wp\/v2\/types\/page"}],"author":[{"embeddable":true,"href":"https:\/\/muenzengilde-hamburg.de\/index.php?rest_route=\/wp\/v2\/users\/1"}],"replies":[{"embeddable":true,"href":"https:\/\/muenzengilde-hamburg.de\/index.php?rest_route=%2Fwp%2Fv2%2Fcomments&post=46"}],"version-history":[{"count":5,"href":"https:\/\/muenzengilde-hamburg.de\/index.php?rest_route=\/wp\/v2\/pages\/46\/revisions"}],"predecessor-version":[{"id":474,"href":"https:\/\/muenzengilde-hamburg.de\/index.php?rest_route=\/wp\/v2\/pages\/46\/revisions\/474"}],"wp:attachment":[{"href":"https:\/\/muenzengilde-hamburg.de\/index.php?rest_route=%2Fwp%2Fv2%2Fmedia&parent=46"}],"curies":[{"name":"wp","href":"https:\/\/api.w.org\/{rel}","templated":true}]}}