{"id":68,"date":"2019-08-17T16:47:30","date_gmt":"2019-08-17T16:47:30","guid":{"rendered":"http:\/\/muenzengilde-hamburg.de\/?page_id=68"},"modified":"2026-02-08T15:30:15","modified_gmt":"2026-02-08T15:30:15","slug":"ueber-uns-2","status":"publish","type":"page","link":"http:\/\/muenzengilde-hamburg.de\/?page_id=68","title":{"rendered":"Flyer"},"content":{"rendered":"\n<p><strong>Die<\/strong> <strong>Hanseatische<\/strong> <strong>M\u00fcnzengilde<\/strong> <strong>e.V.<\/strong> <strong>Hamburg<\/strong> <strong>stellt sich vor!<\/strong><\/p>\n\n\n\n<p>Die Hanseatische M\u00fcnzengilde e. V. ist eine Vereinigung aktiver M\u00fcnzfreunde. In unserem Kreis befinden sich Sammler mit ihren Sammelgebieten von der Antike bis zur Gegenwart.<\/p>\n\n\n\n<p>Wo finden sich schon 2500 Jahre Menschheitsgeschichte abgebildet?<\/p>\n\n\n\n<p>Nur bei den M\u00fcnzsammlern ergibt sich die M\u00f6glichkeit, sich mit Hilfe von Fachwissen und dem Austausch unter Gleichgesinnten mit der Geschichte hautnah zu identifizieren.<\/p>\n\n\n\n<p>Die Mitglieder und Freunde der Hanseatischen M\u00fcnzengilde besch\u00e4ftigen sich mit M\u00fcnzen, Medaillen, Papiergeld und anderen Objekten der Geld- und Wirtschaftsgeschichte.<\/p>\n\n\n\n<p>Wir treffen uns zum M\u00fcnztausch und Fachvortrag jeden 1. Dienstag im Monat von 16:00 bis 20:00 Uhr<\/p>\n\n\n\n<p>in der Gastst\u00e4tte Betriebssportcasino Hamburg<\/p>\n\n\n\n<p>Wendenstra\u00dfe 120, 20537 Hamburg<\/p>\n\n\n\n<p>U- \/ S-Bahn Berliner Tor, S-Bahn Hammerbrook, Buslinien 160 und 112<\/p>\n\n\n\n<p>Unseren Mitgliedern bieten wir:<\/p>\n\n\n\n<ul class=\"wp-block-list\">\n<li>Gelegenheit zum Erfahrungsaustausch und zu fachlicher Beratung<\/li>\n<\/ul>\n\n\n\n<ul class=\"wp-block-list\">\n<li>Hochinteressante Kurzbeitr\u00e4ge und Lichtbild-Vortr\u00e4ge zu diversen numismatischen und historischen Themen<\/li>\n<\/ul>\n\n\n\n<ul class=\"wp-block-list\">\n<li>M\u00f6glichkeit von Tausch oder Kauf zur Erweiterung der Sammlung<\/li>\n<\/ul>\n\n\n\n<p>Gespr\u00e4chskreise anhand ausgew\u00e4hlter Objekte<\/p>\n\n\n\n<p>Haben wir Sie neugierig gemacht?<\/p>\n\n\n\n<p>Aktuelle Termine unserer Veranstaltungen finden sie auch auf unserer Internet Seite:<\/p>\n\n\n\n<p><strong>muenzengilde-hamburg.de<\/strong><\/p>\n\n\n\n<p>oder<\/p>\n\n\n\n<p>Rufen Sie uns doch einfach an:<\/p>\n\n\n\n<p><strong>Alexander Roggatz<\/strong><\/p>\n\n\n\n<p><strong>1.Vorsitzender<\/strong><\/p>\n\n\n\n<p><strong>Handy: 0175 7113722<\/strong><\/p>\n\n\n\n<p><strong>Email: radealex@t-online.de<\/strong><\/p>\n\n\n\n<p><strong>Wir freuen uns<\/strong> <strong>auf Ihren Besuch<\/strong><\/p>\n\n\n\n<p><strong>Hanseatische M\u00fcnzengilde<\/strong> <strong>e.V.<\/strong><\/p>\n\n\n\n<p>( gegr\u00fcndet 1968 )<\/p>\n\n\n\n<p>Copyright: Hanseatische M\u00fcnzengilde e. V.<\/p>\n","protected":false},"excerpt":{"rendered":"<p>Die Hanseatische M\u00fcnzengilde e.V. Hamburg stellt sich vor! Die Hanseatische M\u00fcnzengilde e. V. ist eine Vereinigung aktiver M\u00fcnzfreunde. In unserem Kreis befinden sich Sammler mit ihren Sammelgebieten von der Antike bis zur Gegenwart. Wo finden sich schon 2500 Jahre Menschheitsgeschichte abgebildet? Nur bei den M\u00fcnzsammlern ergibt sich die M\u00f6glichkeit, sich mit Hilfe von Fachwissen und &hellip; <\/p>\n<p class=\"link-more\"><a href=\"http:\/\/muenzengilde-hamburg.de\/?page_id=68\" class=\"more-link\">Continue reading<span class=\"screen-reader-text\"> &#8222;Flyer&#8220;<\/span><\/a><\/p>\n","protected":false},"author":1,"featured_media":0,"parent":0,"menu_order":0,"comment_status":"closed","ping_status":"closed","template":"","meta":{"footnotes":""},"class_list":["post-68","page","type-page","status-publish","hentry"],"_links":{"self":[{"href":"http:\/\/muenzengilde-hamburg.de\/index.php?rest_route=\/wp\/v2\/pages\/68","targetHints":{"allow":["GET"]}}],"collection":[{"href":"http:\/\/muenzengilde-hamburg.de\/index.php?rest_route=\/wp\/v2\/pages"}],"about":[{"href":"http:\/\/muenzengilde-hamburg.de\/index.php?rest_route=\/wp\/v2\/types\/page"}],"author":[{"embeddable":true,"href":"http:\/\/muenzengilde-hamburg.de\/index.php?rest_route=\/wp\/v2\/users\/1"}],"replies":[{"embeddable":true,"href":"http:\/\/muenzengilde-hamburg.de\/index.php?rest_route=%2Fwp%2Fv2%2Fcomments&post=68"}],"version-history":[{"count":13,"href":"http:\/\/muenzengilde-hamburg.de\/index.php?rest_route=\/wp\/v2\/pages\/68\/revisions"}],"predecessor-version":[{"id":473,"href":"http:\/\/muenzengilde-hamburg.de\/index.php?rest_route=\/wp\/v2\/pages\/68\/revisions\/473"}],"wp:attachment":[{"href":"http:\/\/muenzengilde-hamburg.de\/index.php?rest_route=%2Fwp%2Fv2%2Fmedia&parent=68"}],"curies":[{"name":"wp","href":"https:\/\/api.w.org\/{rel}","templated":true}]}}